{"id":19,"date":"2018-01-24T14:15:46","date_gmt":"2018-01-24T14:15:46","guid":{"rendered":"https:\/\/dev.suomenpystykorva.com\/?page_id=19"},"modified":"2026-05-11T14:38:08","modified_gmt":"2026-05-11T11:38:08","slug":"suomenpystykorva-suomen-kansallisaarre","status":"publish","type":"page","link":"https:\/\/dev.suomenpystykorva.com\/","title":{"rendered":"Suomenpystykorva \u2014 kansalliskoira, mets\u00e4styskaveri ja perheenj\u00e4sen"},"content":{"rendered":"\n<div class=\"wp-block-cover alignfull\" style=\"padding-top:var(--wp--preset--spacing--80);padding-bottom:var(--wp--preset--spacing--80);min-height:620px;aspect-ratio:unset;\"><span aria-hidden=\"true\" class=\"wp-block-cover__background has-black-background-color has-background-dim-60 has-background-dim\"><\/span><img loading=\"lazy\" decoding=\"async\" width=\"4032\" height=\"3024\" class=\"wp-block-cover__image-background wp-image-111\" alt=\"\" src=\"https:\/\/dev.suomenpystykorva.com\/wp-content\/uploads\/2018\/01\/Enlight221.jpg\" data-object-fit=\"cover\" srcset=\"https:\/\/dev.suomenpystykorva.com\/wp-content\/uploads\/2018\/01\/Enlight221.jpg 4032w, https:\/\/dev.suomenpystykorva.com\/wp-content\/uploads\/2018\/01\/Enlight221-300x225.jpg 300w, https:\/\/dev.suomenpystykorva.com\/wp-content\/uploads\/2018\/01\/Enlight221-768x576.jpg 768w, https:\/\/dev.suomenpystykorva.com\/wp-content\/uploads\/2018\/01\/Enlight221-1024x768.jpg 1024w\" sizes=\"auto, (max-width: 4032px) 100vw, 4032px\" \/><div class=\"wp-block-cover__inner-container is-layout-flow wp-block-cover-is-layout-flow\">\n\n<div class=\"wp-block-group\"><div class=\"wp-block-group__inner-container is-layout-constrained wp-container-core-group-is-layout-5ca99053 wp-block-group-is-layout-constrained\">\n\n<p class=\"has-text-align-center has-text-color\" style=\"color:#A0A0A0;font-size:13px;letter-spacing:4px;text-transform:uppercase\">Suomen kansalliskoira<\/p>\n\n\n\n<h1 class=\"wp-block-heading has-text-align-center has-text-color\" style=\"color:#FFFFFF;font-size:72px;font-weight:400;letter-spacing:-2px;line-height:1.05\">Suomenpystykorva<\/h1>\n\n\n\n<p class=\"has-text-align-center has-text-color\" style=\"color:#E5E5E5;font-size:22px;font-style:italic;font-weight:300;line-height:1.5\">Kansalliskoira, mets\u00e4styskaveri ja perheenj\u00e4sen<\/p>\n\n<\/div><\/div>\n\n<\/div><\/div>\n\n\n\n<div class=\"wp-block-group\" style=\"padding-top:var(--wp--preset--spacing--80);padding-bottom:var(--wp--preset--spacing--60)\"><div class=\"wp-block-group__inner-container is-layout-constrained wp-container-core-group-is-layout-90930c04 wp-block-group-is-layout-constrained\">\n\n<p style=\"font-size:20px;line-height:1.65\">Suomenpystykorva on Suomen kansalliskoira ja yksi hienoimmista kotimaisista k\u00e4ytt\u00f6roduista. Se on haukulla ty\u00f6skentelev\u00e4 mets\u00e4styskoira, mutta parhaimmillaan my\u00f6s l\u00e4heinen, iloinen ja uskollinen perheenj\u00e4sen.<\/p>\n\n\n\n<p class=\"has-text-color\" style=\"color:#525252;font-size:18px;line-height:1.7\">T\u00e4m\u00e4 sivusto kokoaa kokemuksia ja tietoa suomenpystykorvasta arjessa, mets\u00e4ll\u00e4, pennun hankinnassa ja kasvatuksessa. Tarkoitus ei ole tehd\u00e4 rodusta helpompaa kuin se on, vaan kertoa rehellisesti, millainen koira suomenpystykorva on oikeassa el\u00e4m\u00e4ss\u00e4.<\/p>\n\n\n\n<p class=\"has-text-color\" style=\"color:#525252;font-size:18px;line-height:1.7\">Suomenpystykorva on \u00e4lyk\u00e4s, valpas ja omatahtoinen koira. Se tarvitsee liikuntaa, tekemist\u00e4 ja hyv\u00e4n suhteen omistajaansa. Kun n\u00e4m\u00e4 asiat ovat kunnossa, se on kotona usein rauhallinen ja mets\u00e4ss\u00e4 t\u00e4ynn\u00e4 paloa.<\/p>\n\n<\/div><\/div>\n\n\n\n<div class=\"wp-block-group has-background\" style=\"background-color:#FAFAFA;padding-top:var(--wp--preset--spacing--60);padding-bottom:var(--wp--preset--spacing--80)\"><div class=\"wp-block-group__inner-container is-layout-constrained wp-block-group-is-layout-constrained\">\n\n<h2 class=\"wp-block-heading has-text-align-center\" style=\"font-size:36px;font-weight:400;letter-spacing:-1px\">Tutustu rotuun<\/h2>\n\n\n\n<p class=\"has-text-align-center has-text-color\" style=\"color:#525252;font-size:17px\">Aloita siit\u00e4, mik\u00e4 sinua kiinnostaa eniten.<\/p>\n\n\n\n<div style=\"height:40px\" aria-hidden=\"true\" class=\"wp-block-spacer\"><\/div>\n\n\n\n<div class=\"wp-block-columns is-layout-flex wp-container-core-columns-is-layout-9d6595d7 wp-block-columns-is-layout-flex\">\n\n<div class=\"wp-block-column has-background is-layout-flow wp-block-column-is-layout-flow\" style=\"border-color:#E5E5E5;border-width:1px;border-radius:12px;background-color:#FFFFFF;padding-top:32px;padding-right:28px;padding-bottom:32px;padding-left:28px\">\n\n<h3 class=\"wp-block-heading\" style=\"font-size:22px;font-weight:500\">Suomenpystykorva rotuna<\/h3>\n\n\n\n<p class=\"has-text-color\" style=\"color:#525252;font-size:15px;line-height:1.6\">Eloisa, \u00e4lyk\u00e4s ja omanarvontuntoinen kansalliskoira \u2014 sen luonne, k\u00e4ytt\u00f6tarkoitus ja terveys lyhyesti.<\/p>\n\n\n\n<p style=\"font-size:15px;font-weight:500\"><a href=\"\/suomenpystykorva\/\">Lue lis\u00e4\u00e4 \u2192<\/a><\/p>\n\n<\/div>\n\n\n\n<div class=\"wp-block-column has-background is-layout-flow wp-block-column-is-layout-flow\" style=\"border-color:#E5E5E5;border-width:1px;border-radius:12px;background-color:#FFFFFF;padding-top:32px;padding-right:28px;padding-bottom:32px;padding-left:28px\">\n\n<h3 class=\"wp-block-heading\" style=\"font-size:22px;font-weight:500\">Arjessa<\/h3>\n\n\n\n<p class=\"has-text-color\" style=\"color:#525252;font-size:15px;line-height:1.6\">Hyvinvoiva pystykorva on kotona tasapainoinen. Asuminen, haukkuminen, lapsiperhe ja yksinolo.<\/p>\n\n\n\n<p style=\"font-size:15px;font-weight:500\"><a href=\"\/arki\/\">Lue lis\u00e4\u00e4 \u2192<\/a><\/p>\n\n<\/div>\n\n\n\n<div class=\"wp-block-column has-background is-layout-flow wp-block-column-is-layout-flow\" style=\"border-color:#E5E5E5;border-width:1px;border-radius:12px;background-color:#FFFFFF;padding-top:32px;padding-right:28px;padding-bottom:32px;padding-left:28px\">\n\n<h3 class=\"wp-block-heading\" style=\"font-size:22px;font-weight:500\">Mets\u00e4ll\u00e4<\/h3>\n\n\n\n<p class=\"has-text-color\" style=\"color:#525252;font-size:15px;line-height:1.6\">Haukulla ty\u00f6skentelev\u00e4 mets\u00e4styskoira: linnut, pienpedot, hirvi. Koulutuksen pohja ja koetoiminta.<\/p>\n\n\n\n<p style=\"font-size:15px;font-weight:500\"><a href=\"\/metsastys-suomenpystykorvalla\/\">Lue lis\u00e4\u00e4 \u2192<\/a><\/p>\n\n<\/div>\n\n<\/div>\n\n\n\n<div style=\"height:24px\" aria-hidden=\"true\" class=\"wp-block-spacer\"><\/div>\n\n\n\n<div class=\"wp-block-columns is-layout-flex wp-container-core-columns-is-layout-9d6595d7 wp-block-columns-is-layout-flex\">\n\n<div class=\"wp-block-column has-background is-layout-flow wp-block-column-is-layout-flow\" style=\"border-color:#E5E5E5;border-width:1px;border-radius:12px;background-color:#FFFFFF;padding-top:32px;padding-right:28px;padding-bottom:32px;padding-left:28px\">\n\n<h3 class=\"wp-block-heading\" style=\"font-size:22px;font-weight:500\">Pennun hankinta<\/h3>\n\n\n\n<p class=\"has-text-color\" style=\"color:#525252;font-size:15px;line-height:1.6\">Mist\u00e4 pentua kannattaa etsi\u00e4, millainen on vastuullinen kasvattaja ja mihin kuluihin varautua.<\/p>\n\n\n\n<p style=\"font-size:15px;font-weight:500\"><a href=\"\/suomenpystykorvan-pentu-ostajan-opas\/\">Lue lis\u00e4\u00e4 \u2192<\/a><\/p>\n\n<\/div>\n\n\n\n<div class=\"wp-block-column has-background is-layout-flow wp-block-column-is-layout-flow\" style=\"border-color:#E5E5E5;border-width:1px;border-radius:12px;background-color:#FFFFFF;padding-top:32px;padding-right:28px;padding-bottom:32px;padding-left:28px\">\n\n<h3 class=\"wp-block-heading\" style=\"font-size:22px;font-weight:500\">Kasvatus ja terveys<\/h3>\n\n\n\n<p class=\"has-text-color\" style=\"color:#525252;font-size:15px;line-height:1.6\">PEVISA, jalostusvalinnat ja vastuullisen kasvatuksen periaatteet rodun tulevaisuutta ajatellen.<\/p>\n\n\n\n<p style=\"font-size:15px;font-weight:500\"><a href=\"\/suomenpystykorvien-kasvatus\/\">Lue lis\u00e4\u00e4 \u2192<\/a><\/p>\n\n<\/div>\n\n\n\n<div class=\"wp-block-column has-background is-layout-flow wp-block-column-is-layout-flow\" style=\"border-color:#E5E5E5;border-width:1px;border-radius:12px;background-color:#FFFFFF;padding-top:32px;padding-right:28px;padding-bottom:32px;padding-left:28px\">\n\n<h3 class=\"wp-block-heading\" style=\"font-size:22px;font-weight:500\">Koirat ja min\u00e4<\/h3>\n\n\n\n<p class=\"has-text-color\" style=\"color:#525252;font-size:15px;line-height:1.6\">Tarinoita pystykorvien kanssa el\u00e4m\u00e4st\u00e4 \u2014 mets\u00e4lt\u00e4, sohvalta ja kaikesta silt\u00e4 v\u00e4lilt\u00e4.<\/p>\n\n\n\n<p style=\"font-size:15px;font-weight:500\"><a href=\"\/ota-yhteytta\/\">Lue lis\u00e4\u00e4 \u2192<\/a><\/p>\n\n<\/div>\n\n<\/div>\n\n<\/div><\/div>\n\n\n\n<div class=\"wp-block-group\" style=\"padding-top:var(--wp--preset--spacing--80);padding-bottom:var(--wp--preset--spacing--80)\"><div class=\"wp-block-group__inner-container is-layout-constrained wp-block-group-is-layout-constrained\">\n\n<h2 class=\"wp-block-heading has-text-align-center\" style=\"font-size:36px;font-weight:400;letter-spacing:-1px\">Uusimmat kirjoitukset<\/h2>\n\n\n\n<div style=\"height:40px\" aria-hidden=\"true\" class=\"wp-block-spacer\"><\/div>\n\n\n<ul class=\"wp-block-latest-posts__list is-grid columns-3 has-dates wp-block-latest-posts\"><li><div class=\"wp-block-latest-posts__featured-image aligncenter\"><img loading=\"lazy\" decoding=\"async\" width=\"300\" height=\"225\" src=\"https:\/\/dev.suomenpystykorva.com\/wp-content\/uploads\/2018\/01\/IMG_2839-1-300x225.jpg\" class=\"attachment-medium size-medium wp-post-image\" alt=\"\" style=\"\" srcset=\"https:\/\/dev.suomenpystykorva.com\/wp-content\/uploads\/2018\/01\/IMG_2839-1-300x225.jpg 300w, https:\/\/dev.suomenpystykorva.com\/wp-content\/uploads\/2018\/01\/IMG_2839-1-768x576.jpg 768w, https:\/\/dev.suomenpystykorva.com\/wp-content\/uploads\/2018\/01\/IMG_2839-1-1024x768.jpg 1024w\" sizes=\"auto, (max-width: 300px) 100vw, 300px\" \/><\/div><a class=\"wp-block-latest-posts__post-title\" href=\"https:\/\/dev.suomenpystykorva.com\/pidempi-linnunmetsastysaika-auttaa-kansalliskoiraamme-suomenpystykorvaa\/\">Pidempi linnunmets\u00e4stysaika auttaa kansalliskoiraamme suomenpystykorvaa<\/a><time datetime=\"2018-08-28T16:39:08+03:00\" class=\"wp-block-latest-posts__post-date\">28. elokuun 2018<\/time><\/li>\n<li><div class=\"wp-block-latest-posts__featured-image aligncenter\"><img loading=\"lazy\" decoding=\"async\" width=\"300\" height=\"225\" src=\"https:\/\/dev.suomenpystykorva.com\/wp-content\/uploads\/2018\/01\/IMG_2839-1-300x225.jpg\" class=\"attachment-medium size-medium wp-post-image\" alt=\"\" style=\"\" srcset=\"https:\/\/dev.suomenpystykorva.com\/wp-content\/uploads\/2018\/01\/IMG_2839-1-300x225.jpg 300w, https:\/\/dev.suomenpystykorva.com\/wp-content\/uploads\/2018\/01\/IMG_2839-1-768x576.jpg 768w, https:\/\/dev.suomenpystykorva.com\/wp-content\/uploads\/2018\/01\/IMG_2839-1-1024x768.jpg 1024w\" sizes=\"auto, (max-width: 300px) 100vw, 300px\" \/><\/div><a class=\"wp-block-latest-posts__post-title\" href=\"https:\/\/dev.suomenpystykorva.com\/pidempi-metsastysaika-vaikuttaa-kanalintukantoihin-korkeintaan-muutamia-prosentteja\/\">Pidempi mets\u00e4stysaika vaikuttaa kanalintukantoihin korkeintaan muutamia prosentteja<\/a><time datetime=\"2018-08-16T06:49:58+03:00\" class=\"wp-block-latest-posts__post-date\">16. elokuun 2018<\/time><\/li>\n<li><div class=\"wp-block-latest-posts__featured-image aligncenter\"><img loading=\"lazy\" decoding=\"async\" width=\"300\" height=\"194\" src=\"https:\/\/dev.suomenpystykorva.com\/wp-content\/uploads\/2018\/08\/suomenpystykorva-haukkuu-n\u00e4\u00e4t\u00e4\u00e4-syksyll\u00e4-e1533555503610-300x194.jpg\" class=\"attachment-medium size-medium wp-post-image\" alt=\"\" style=\"\" srcset=\"https:\/\/dev.suomenpystykorva.com\/wp-content\/uploads\/2018\/08\/suomenpystykorva-haukkuu-n\u00e4\u00e4t\u00e4\u00e4-syksyll\u00e4-e1533555503610-300x194.jpg 300w, https:\/\/dev.suomenpystykorva.com\/wp-content\/uploads\/2018\/08\/suomenpystykorva-haukkuu-n\u00e4\u00e4t\u00e4\u00e4-syksyll\u00e4-e1533555503610-768x497.jpg 768w, https:\/\/dev.suomenpystykorva.com\/wp-content\/uploads\/2018\/08\/suomenpystykorva-haukkuu-n\u00e4\u00e4t\u00e4\u00e4-syksyll\u00e4-e1533555503610.jpg 786w\" sizes=\"auto, (max-width: 300px) 100vw, 300px\" \/><\/div><a class=\"wp-block-latest-posts__post-title\" href=\"https:\/\/dev.suomenpystykorva.com\/lapissa-metsoa-ja-teerta-saa-metsastaa-vain-luotiaseella-1-10-10-12\/\">Lapissa metsoa ja teert\u00e4 saa mets\u00e4st\u00e4\u00e4 vain luotiaseella 1.10.-10.12.<\/a><time datetime=\"2018-08-14T16:34:53+03:00\" class=\"wp-block-latest-posts__post-date\">14. elokuun 2018<\/time><\/li>\n<li><div class=\"wp-block-latest-posts__featured-image aligncenter\"><img loading=\"lazy\" decoding=\"async\" width=\"300\" height=\"225\" src=\"https:\/\/dev.suomenpystykorva.com\/wp-content\/uploads\/2018\/08\/suomenpystykorva-levolla-300x225.jpg\" class=\"attachment-medium size-medium wp-post-image\" alt=\"\" style=\"\" srcset=\"https:\/\/dev.suomenpystykorva.com\/wp-content\/uploads\/2018\/08\/suomenpystykorva-levolla-300x225.jpg 300w, https:\/\/dev.suomenpystykorva.com\/wp-content\/uploads\/2018\/08\/suomenpystykorva-levolla-768x576.jpg 768w, https:\/\/dev.suomenpystykorva.com\/wp-content\/uploads\/2018\/08\/suomenpystykorva-levolla-1024x768.jpg 1024w\" sizes=\"auto, (max-width: 300px) 100vw, 300px\" \/><\/div><a class=\"wp-block-latest-posts__post-title\" href=\"https:\/\/dev.suomenpystykorva.com\/riistakolmiolaskennat-2018-ennatyksellisen-kova-lintuvuosi\/\">Riistakolmiolaskennat 2018 &#8211; Enn\u00e4tyksellisen kova lintusyksy edess\u00e4?<\/a><time datetime=\"2018-08-07T09:03:34+03:00\" class=\"wp-block-latest-posts__post-date\">7. elokuun 2018<\/time><\/li>\n<li><div class=\"wp-block-latest-posts__featured-image aligncenter\"><img loading=\"lazy\" decoding=\"async\" width=\"300\" height=\"194\" src=\"https:\/\/dev.suomenpystykorva.com\/wp-content\/uploads\/2018\/08\/suomenpystykorva-haukkuu-n\u00e4\u00e4t\u00e4\u00e4-syksyll\u00e4-e1533555503610-300x194.jpg\" class=\"attachment-medium size-medium wp-post-image\" alt=\"\" style=\"\" srcset=\"https:\/\/dev.suomenpystykorva.com\/wp-content\/uploads\/2018\/08\/suomenpystykorva-haukkuu-n\u00e4\u00e4t\u00e4\u00e4-syksyll\u00e4-e1533555503610-300x194.jpg 300w, https:\/\/dev.suomenpystykorva.com\/wp-content\/uploads\/2018\/08\/suomenpystykorva-haukkuu-n\u00e4\u00e4t\u00e4\u00e4-syksyll\u00e4-e1533555503610-768x497.jpg 768w, https:\/\/dev.suomenpystykorva.com\/wp-content\/uploads\/2018\/08\/suomenpystykorva-haukkuu-n\u00e4\u00e4t\u00e4\u00e4-syksyll\u00e4-e1533555503610.jpg 786w\" sizes=\"auto, (max-width: 300px) 100vw, 300px\" \/><\/div><a class=\"wp-block-latest-posts__post-title\" href=\"https:\/\/dev.suomenpystykorva.com\/naadanpyynti-sulalta-maalta-suomenpystykorvan-avulla\/\">N\u00e4\u00e4d\u00e4npyynti sulalta maalta suomenpystykorvan avulla<\/a><time datetime=\"2018-08-06T12:07:07+03:00\" class=\"wp-block-latest-posts__post-date\">6. elokuun 2018<\/time><\/li>\n<li><div class=\"wp-block-latest-posts__featured-image aligncenter\"><img loading=\"lazy\" decoding=\"async\" width=\"300\" height=\"225\" src=\"https:\/\/dev.suomenpystykorva.com\/wp-content\/uploads\/2018\/08\/naadanmetsastys-suomenpystykorvalla-300x225.png\" class=\"attachment-medium size-medium wp-post-image\" alt=\"\" style=\"\" srcset=\"https:\/\/dev.suomenpystykorva.com\/wp-content\/uploads\/2018\/08\/naadanmetsastys-suomenpystykorvalla-300x225.png 300w, https:\/\/dev.suomenpystykorva.com\/wp-content\/uploads\/2018\/08\/naadanmetsastys-suomenpystykorvalla-768x576.png 768w, https:\/\/dev.suomenpystykorva.com\/wp-content\/uploads\/2018\/08\/naadanmetsastys-suomenpystykorvalla-1024x768.png 1024w, https:\/\/dev.suomenpystykorva.com\/wp-content\/uploads\/2018\/08\/naadanmetsastys-suomenpystykorvalla.png 2048w\" sizes=\"auto, (max-width: 300px) 100vw, 300px\" \/><\/div><a class=\"wp-block-latest-posts__post-title\" href=\"https:\/\/dev.suomenpystykorva.com\/suomenpystykorvalla-metsastys-onnistuu-miltei-ympari-vuoden\/\">Suomenpystykorvalla mets\u00e4stys onnistuu miltei ymp\u00e4ri vuoden<\/a><time datetime=\"2018-08-02T13:34:27+03:00\" class=\"wp-block-latest-posts__post-date\">2. elokuun 2018<\/time><\/li>\n<\/ul>\n<\/div><\/div>\n\n\n\n<div class=\"wp-block-group\" style=\"padding-top:var(--wp--preset--spacing--80);padding-bottom:var(--wp--preset--spacing--80)\"><div class=\"wp-block-group__inner-container is-layout-constrained wp-block-group-is-layout-constrained\">\n\n<div class=\"wp-block-columns are-vertically-aligned-center is-layout-flex wp-container-core-columns-is-layout-9d6595d7 wp-block-columns-is-layout-flex\">\n\n<div class=\"wp-block-column is-vertically-aligned-center is-layout-flow wp-block-column-is-layout-flow\" style=\"flex-basis:40%\">\n\n<figure class=\"wp-block-image size-large has-custom-border\"><img decoding=\"async\" src=\"https:\/\/dev.suomenpystykorva.com\/wp-content\/uploads\/2018\/01\/Enlight199.jpg\" alt=\"Suomenpystykorva ja omistaja\" style=\"border-radius:12px\"\/><\/figure>\n\n<\/div>\n\n\n\n<div class=\"wp-block-column is-vertically-aligned-center is-layout-flow wp-block-column-is-layout-flow\" style=\"flex-basis:60%\">\n\n<p class=\"has-text-color\" style=\"color:#A0A0A0;font-size:13px;letter-spacing:2px;text-transform:uppercase\">Koirat ja min\u00e4<\/p>\n\n\n\n<h2 class=\"wp-block-heading\" style=\"font-size:36px;font-weight:400;letter-spacing:-1px\">Suomenpystykorvat l\u00e4hell\u00e4 syd\u00e4nt\u00e4<\/h2>\n\n\n\n<p class=\"has-text-color\" style=\"color:#525252;font-size:17px;line-height:1.65\">Suomenpystykorva on kuulunut el\u00e4m\u00e4\u00e4ni mets\u00e4styksen, arjen ja perheen kautta. Rodussa vieh\u00e4tt\u00e4\u00e4 sen aitous: se on yht\u00e4 aikaa itsen\u00e4inen mets\u00e4styskoira ja l\u00e4heinen kotikoira, kun suhde ihmiseen on kunnossa.<\/p>\n\n\n\n<p class=\"has-text-color\" style=\"color:#525252;font-size:17px;line-height:1.65\">Omat koirani \u2014 <strong>Helmi<\/strong>, <strong>Lempi-Iita<\/strong> ja <strong>Lyyti<\/strong> \u2014 ovat opettaneet, ett\u00e4 suomenpystykorvaa ei voi ymm\u00e4rt\u00e4\u00e4 vain rotum\u00e4\u00e4ritelm\u00e4st\u00e4. Se pit\u00e4\u00e4 n\u00e4hd\u00e4 kotona, mets\u00e4ss\u00e4, lasten kanssa, haukulla ja hiljaisina hetkin\u00e4 sohvan vieress\u00e4.<\/p>\n\n\n\n<p style=\"font-size:15px;font-weight:500\"><a href=\"\/ota-yhteytta\/\">Lue koko tarina \u2192<\/a><\/p>\n\n<\/div>\n\n<\/div>\n\n<\/div><\/div>\n\n\n","protected":false},"excerpt":{"rendered":"<p>Suomenpystykorva on Suomen kansalliskoira ja yksi hienoimmista kotimaisista k\u00e4ytt\u00f6roduista. Se on haukulla ty\u00f6skentelev\u00e4 mets\u00e4styskoira, mutta parhaimmillaan my\u00f6s l\u00e4heinen, iloinen ja uskollinen perheenj\u00e4sen. T\u00e4m\u00e4 sivusto kokoaa kokemuksia ja tietoa suomenpystykorvasta arjessa, mets\u00e4ll\u00e4, pennun hankinnassa ja kasvatuksessa. Tarkoitus ei ole tehd\u00e4 rodusta helpompaa kuin se on, vaan kertoa rehellisesti, millainen koira suomenpystykorva on oikeassa el\u00e4m\u00e4ss\u00e4. Suomenpystykorva on&#8230;<\/p>\n","protected":false},"author":1,"featured_media":89,"parent":0,"menu_order":0,"comment_status":"closed","ping_status":"closed","template":"","meta":{"_kad_post_transparent":"","_kad_post_title":"","_kad_post_layout":"","_kad_post_sidebar_id":"","_kad_post_content_style":"","_kad_post_vertical_padding":"","_kad_post_feature":"","_kad_post_feature_position":"","_kad_post_header":false,"_kad_post_footer":false,"_kad_post_classname":"","footnotes":""},"class_list":["post-19","page","type-page","status-publish","has-post-thumbnail","hentry"],"_links":{"self":[{"href":"https:\/\/dev.suomenpystykorva.com\/wp-json\/wp\/v2\/pages\/19","targetHints":{"allow":["GET"]}}],"collection":[{"href":"https:\/\/dev.suomenpystykorva.com\/wp-json\/wp\/v2\/pages"}],"about":[{"href":"https:\/\/dev.suomenpystykorva.com\/wp-json\/wp\/v2\/types\/page"}],"author":[{"embeddable":true,"href":"https:\/\/dev.suomenpystykorva.com\/wp-json\/wp\/v2\/users\/1"}],"replies":[{"embeddable":true,"href":"https:\/\/dev.suomenpystykorva.com\/wp-json\/wp\/v2\/comments?post=19"}],"version-history":[{"count":14,"href":"https:\/\/dev.suomenpystykorva.com\/wp-json\/wp\/v2\/pages\/19\/revisions"}],"predecessor-version":[{"id":251,"href":"https:\/\/dev.suomenpystykorva.com\/wp-json\/wp\/v2\/pages\/19\/revisions\/251"}],"wp:featuredmedia":[{"embeddable":true,"href":"https:\/\/dev.suomenpystykorva.com\/wp-json\/wp\/v2\/media\/89"}],"wp:attachment":[{"href":"https:\/\/dev.suomenpystykorva.com\/wp-json\/wp\/v2\/media?parent=19"}],"curies":[{"name":"wp","href":"https:\/\/api.w.org\/{rel}","templated":true}]}}